{"id":379,"date":"2024-02-23T19:26:09","date_gmt":"2024-02-23T19:26:09","guid":{"rendered":"https:\/\/ethnomousikologion.com\/?page_id=379"},"modified":"2024-03-12T16:20:23","modified_gmt":"2024-03-12T16:20:23","slug":"prezentare_si_scop","status":"publish","type":"page","link":"https:\/\/ethnomousikologion.com\/en\/prezentare_si_scop\/","title":{"rendered":"About Us"},"content":{"rendered":"<div data-elementor-type=\"wp-page\" data-elementor-id=\"379\" class=\"elementor elementor-379\" data-elementor-post-type=\"page\">\n\t\t\t\t<div class=\"elementor-element elementor-element-7b5264e4 e-flex e-con-boxed e-con e-parent\" data-id=\"7b5264e4\" data-element_type=\"container\" data-settings=\"{&quot;content_width&quot;:&quot;boxed&quot;,&quot;_ha_eqh_enable&quot;:false}\" data-core-v316-plus=\"true\">\n\t\t\t\t\t<div class=\"e-con-inner\">\n\t\t\t\t<div class=\"elementor-element elementor-element-5df4bac2 elementor-widget elementor-widget-ha-page-title happy-addon ha-page-title\" data-id=\"5df4bac2\" data-element_type=\"widget\" data-widget_type=\"ha-page-title.default\">\n\t\t\t\t<div class=\"elementor-widget-container\">\n\t\t\t<h2 class=\"ha-page-title elementor-size-default\">About Us<\/h2>\t\t<\/div>\n\t\t\t\t<\/div>\n\t\t\t\t\t<\/div>\n\t\t\t\t<\/div>\n\t\t<div class=\"elementor-element elementor-element-f1e2b6d e-flex e-con-boxed e-con e-parent\" data-id=\"f1e2b6d\" data-element_type=\"container\" data-settings=\"{&quot;content_width&quot;:&quot;boxed&quot;,&quot;_ha_eqh_enable&quot;:false}\" data-core-v316-plus=\"true\">\n\t\t\t\t\t<div class=\"e-con-inner\">\n\t\t<div class=\"elementor-element elementor-element-4173ed6 e-con-full e-flex e-con e-child\" data-id=\"4173ed6\" data-element_type=\"container\" data-settings=\"{&quot;content_width&quot;:&quot;full&quot;,&quot;_ha_eqh_enable&quot;:false}\">\n\t\t\t\t<div class=\"elementor-element elementor-element-df4d1c8 elementor-hidden-mobile elementor-widget elementor-widget-image\" data-id=\"df4d1c8\" data-element_type=\"widget\" data-widget_type=\"image.default\">\n\t\t\t\t<div class=\"elementor-widget-container\">\n\t\t\t<style>\/*! elementor - v3.19.0 - 07-02-2024 *\/\n.elementor-widget-image{text-align:center}.elementor-widget-image a{display:inline-block}.elementor-widget-image a img[src$=\".svg\"]{width:48px}.elementor-widget-image img{vertical-align:middle;display:inline-block}<\/style>\t\t\t\t\t\t\t\t\t\t<img fetchpriority=\"high\" decoding=\"async\" width=\"341\" height=\"2071\" src=\"https:\/\/ethnomousikologion.com\/wp-content\/uploads\/2024\/02\/ribbon_traditional-e1709132335817.png\" class=\"attachment-full size-full wp-image-1126\" alt=\"\" srcset=\"https:\/\/ethnomousikologion.com\/wp-content\/uploads\/2024\/02\/ribbon_traditional-e1709132335817.png 341w, https:\/\/ethnomousikologion.com\/wp-content\/uploads\/2024\/02\/ribbon_traditional-e1709132335817-253x1536.png 253w, https:\/\/ethnomousikologion.com\/wp-content\/uploads\/2024\/02\/ribbon_traditional-e1709132335817-337x2048.png 337w, https:\/\/ethnomousikologion.com\/wp-content\/uploads\/2024\/02\/ribbon_traditional-e1709132335817-2x12.png 2w\" sizes=\"(max-width: 341px) 100vw, 341px\" \/>\t\t\t\t\t\t\t\t\t\t\t\t\t<\/div>\n\t\t\t\t<\/div>\n\t\t\t\t<\/div>\n\t\t<div class=\"elementor-element elementor-element-510d9e2 e-con-full elementor-hidden-desktop elementor-hidden-tablet e-flex e-con e-child\" data-id=\"510d9e2\" data-element_type=\"container\" data-settings=\"{&quot;content_width&quot;:&quot;full&quot;,&quot;_ha_eqh_enable&quot;:false}\">\n\t\t\t\t<div class=\"elementor-element elementor-element-052e002 elementor-hidden-desktop elementor-hidden-tablet elementor-widget elementor-widget-image\" data-id=\"052e002\" data-element_type=\"widget\" data-widget_type=\"image.default\">\n\t\t\t\t<div class=\"elementor-widget-container\">\n\t\t\t\t\t\t\t\t\t\t\t\t\t<img fetchpriority=\"high\" decoding=\"async\" width=\"341\" height=\"2071\" src=\"https:\/\/ethnomousikologion.com\/wp-content\/uploads\/2024\/02\/ribbon_traditional-e1709132335817.png\" class=\"attachment-full size-full wp-image-1126\" alt=\"\" srcset=\"https:\/\/ethnomousikologion.com\/wp-content\/uploads\/2024\/02\/ribbon_traditional-e1709132335817.png 341w, https:\/\/ethnomousikologion.com\/wp-content\/uploads\/2024\/02\/ribbon_traditional-e1709132335817-253x1536.png 253w, https:\/\/ethnomousikologion.com\/wp-content\/uploads\/2024\/02\/ribbon_traditional-e1709132335817-337x2048.png 337w, https:\/\/ethnomousikologion.com\/wp-content\/uploads\/2024\/02\/ribbon_traditional-e1709132335817-2x12.png 2w\" sizes=\"(max-width: 341px) 100vw, 341px\" \/>\t\t\t\t\t\t\t\t\t\t\t\t\t<\/div>\n\t\t\t\t<\/div>\n\t\t\t\t<\/div>\n\t\t<div class=\"elementor-element elementor-element-e20f60d e-con-full e-flex e-con e-child\" data-id=\"e20f60d\" data-element_type=\"container\" data-settings=\"{&quot;content_width&quot;:&quot;full&quot;,&quot;_ha_eqh_enable&quot;:false}\">\n\t\t\t\t<div class=\"elementor-element elementor-element-fabaacb elementor-widget elementor-widget-text-editor\" data-id=\"fabaacb\" data-element_type=\"widget\" data-widget_type=\"text-editor.default\">\n\t\t\t\t<div class=\"elementor-widget-container\">\n\t\t\t<style>\/*! elementor - v3.19.0 - 07-02-2024 *\/\n.elementor-widget-text-editor.elementor-drop-cap-view-stacked .elementor-drop-cap{background-color:#69727d;color:#fff}.elementor-widget-text-editor.elementor-drop-cap-view-framed .elementor-drop-cap{color:#69727d;border:3px solid;background-color:transparent}.elementor-widget-text-editor:not(.elementor-drop-cap-view-default) .elementor-drop-cap{margin-top:8px}.elementor-widget-text-editor:not(.elementor-drop-cap-view-default) .elementor-drop-cap-letter{width:1em;height:1em}.elementor-widget-text-editor .elementor-drop-cap{float:left;text-align:center;line-height:1;font-size:50px}.elementor-widget-text-editor .elementor-drop-cap-letter{display:inline-block}<\/style>\t\t\t\t<p class=\"p1 translation-block\" style=\"text-align: justify;\">\u00a0 \u00a0The aim of <strong><i>Ethnomousikologion<\/i> <\/strong> is to support, through publication, research in the field of Folklore, by bringing together specialists from several subfields. Taking into account the syncretic nature of folklore, the journal strives to create a relevant platform for research by specialists in areas such as: Ethnomusicology, Ethnography, Ethnology, Ethnocoreology, Ethnospectacology, Organology (old instruments), etc. At the same time, the journal will facilitate the access of specialists in the above-mentioned fields to the latest research, its content thus becoming a resource for the educational field.<\/p>\n<p class=\"p1 translation-block\" style=\"text-align: justify;\">\u00a0 \u00a0The journal  <strong><i>Ethnomousikologion<\/i><\/strong> is edited by the Ethnomusicology Research Centre of the National Academy of Music \"Gheorghe Dima\" within the MediaMusica Publishing House of the same institution. It is published bi-annually, bilingually, in Romanian and English.<\/p>\n<p class=\"p2 translation-block\" style=\"text-align: justify;\">\u00a0 \u00a0Established in 2022, the journal uses the double-blind peer-review system to ensure a high academic level of publication of the materials received, in accordance with the mission of the Ethnomusicology Research Centre of the National Academy of Music \"Gheorghe Dima\".<\/p>\t\t\t\t\t\t<\/div>\n\t\t\t\t<\/div>\n\t\t\t\t<div class=\"elementor-element elementor-element-d24e582 elementor-blockquote--skin-quotation elementor-blockquote--button-color-official elementor-widget elementor-widget-blockquote\" data-id=\"d24e582\" data-element_type=\"widget\" data-widget_type=\"blockquote.default\">\n\t\t\t\t<div class=\"elementor-widget-container\">\n\t\t\t<style>\/*! elementor-pro - v3.19.0 - 07-02-2024 *\/\n@charset \"UTF-8\";.entry-content blockquote.elementor-blockquote:not(.alignright):not(.alignleft),.entry-summary blockquote.elementor-blockquote{margin-right:0;margin-left:0}.elementor-widget-blockquote blockquote{margin:0;padding:0;outline:0;font-size:100%;vertical-align:baseline;background:transparent;quotes:none;border:0;font-style:normal;color:#3f444b}.elementor-widget-blockquote blockquote .e-q-footer:after,.elementor-widget-blockquote blockquote .e-q-footer:before,.elementor-widget-blockquote blockquote:after,.elementor-widget-blockquote blockquote:before,.elementor-widget-blockquote blockquote cite:after,.elementor-widget-blockquote blockquote cite:before{content:none}.elementor-blockquote{transition:.3s}.elementor-blockquote__author,.elementor-blockquote__content{margin-bottom:0;font-style:normal}.elementor-blockquote__author{font-weight:700}.elementor-blockquote .e-q-footer{margin-top:12px;display:flex;justify-content:space-between}.elementor-blockquote__tweet-button{display:flex;transition:.3s;color:#1da1f2;align-self:flex-end;line-height:1;position:relative;width:-moz-max-content;width:max-content}.elementor-blockquote__tweet-button:hover{color:#0967a0}.elementor-blockquote__tweet-button span{font-weight:600}.elementor-blockquote__tweet-button i,.elementor-blockquote__tweet-button span{vertical-align:middle}.elementor-blockquote__tweet-button i+span,.elementor-blockquote__tweet-button svg+span{margin-left:.5em}.elementor-blockquote__tweet-button svg{fill:#1da1f2;height:1em;width:1em}.elementor-blockquote__tweet-label{white-space:pre-wrap}.elementor-blockquote--button-skin-bubble .elementor-blockquote__tweet-button,.elementor-blockquote--button-skin-classic .elementor-blockquote__tweet-button{padding:.7em 1.2em;border-radius:100em;background-color:#1da1f2;color:#fff;font-size:15px}.elementor-blockquote--button-skin-bubble .elementor-blockquote__tweet-button:hover,.elementor-blockquote--button-skin-classic .elementor-blockquote__tweet-button:hover{background-color:#0967a0;color:#fff}.elementor-blockquote--button-skin-bubble .elementor-blockquote__tweet-button:hover:before,.elementor-blockquote--button-skin-classic .elementor-blockquote__tweet-button:hover:before{border-right-color:#0967a0}.elementor-blockquote--button-skin-bubble .elementor-blockquote__tweet-button svg,.elementor-blockquote--button-skin-classic .elementor-blockquote__tweet-button svg{fill:#fff;height:1em;width:1em}.elementor-blockquote--button-skin-bubble.elementor-blockquote--button-view-icon .elementor-blockquote__tweet-button,.elementor-blockquote--button-skin-classic.elementor-blockquote--button-view-icon .elementor-blockquote__tweet-button{padding:0;width:2em;height:2em}.elementor-blockquote--button-skin-bubble.elementor-blockquote--button-view-icon .elementor-blockquote__tweet-button i,.elementor-blockquote--button-skin-classic.elementor-blockquote--button-view-icon .elementor-blockquote__tweet-button i{position:absolute;left:50%;top:50%;transform:translate(-50%,-50%)}.elementor-blockquote--button-skin-bubble .elementor-blockquote__tweet-button:before{content:\"\";border:.5em solid transparent;border-right-color:#1da1f2;position:absolute;left:-.8em;top:50%;transform:translateY(-50%) scaleY(.65);transition:.3s}.elementor-blockquote--button-skin-bubble.elementor-blockquote--align-left .elementor-blockquote__tweet-button:before{right:auto;left:-.8em;border-right-color:#1da1f2;border-left-color:transparent}.elementor-blockquote--button-skin-bubble.elementor-blockquote--align-left .elementor-blockquote__tweet-button:hover:before{border-right-color:#0967a0}.elementor-blockquote--button-skin-bubble.elementor-blockquote--align-right .elementor-blockquote__tweet-button:before{left:auto;right:-.8em;border-right-color:transparent;border-left-color:#1da1f2}.elementor-blockquote--button-skin-bubble.elementor-blockquote--align-right .elementor-blockquote__tweet-button:hover:before{border-left-color:#0967a0}.elementor-blockquote--skin-boxed .elementor-blockquote{background-color:#f9fafa;padding:30px}.elementor-blockquote--skin-border .elementor-blockquote{border-color:#f9fafa;border-left:7px #f9fafa;border-style:solid;padding-left:20px}.elementor-blockquote--skin-quotation .elementor-blockquote:before{content:\"\u201c\";font-size:100px;color:#f9fafa;font-family:Times New Roman,Times,serif;font-weight:900;line-height:1;display:block;height:.6em}.elementor-blockquote--skin-quotation .elementor-blockquote__content{margin-top:15px}.elementor-blockquote--align-left .elementor-blockquote__content{text-align:left}.elementor-blockquote--align-left .elementor-blockquote .e-q-footer{flex-direction:row}.elementor-blockquote--align-right .elementor-blockquote__content{text-align:right}.elementor-blockquote--align-right .elementor-blockquote .e-q-footer{flex-direction:row-reverse}.elementor-blockquote--align-center .elementor-blockquote{text-align:center}.elementor-blockquote--align-center .elementor-blockquote .e-q-footer,.elementor-blockquote--align-center .elementor-blockquote__author{display:block}.elementor-blockquote--align-center .elementor-blockquote__tweet-button{margin-right:auto;margin-left:auto}<\/style>\t\t<blockquote class=\"elementor-blockquote\">\n\t\t\t<p class=\"elementor-blockquote__content translation-block\">\u200e\u200e\u200e\u200e\u200e \u200e \u200e \"The appearance of the Ethnomousikologion Journal in 2022 is the result of the structured implementation and concretization of the research work in the field of folklore carried out for a long time within the National Academy of Music \"Gheorghe Dima\". The experience of the teaching staff involved in the organizing team certifies its high level according to current scientific standards. The journal offers a generous framework to authors and readers through the variety of subfields and bilingual Romanian-English editing, offering openness to collaboration with interested institutions in the country and abroad, and, consequently, promoting the principle of \"unity in diversity\".\n\n\t\t\t\t\u200e\u200e\u200e\u200e\u200e \u200e  Going beyond the purely scientific motivation and role of the journal, we believe that through a good mutual knowledge of the traditional cultural imprint, we can achieve respect, understanding, friendship and peace.\"<\/p>\n\t\t\t\t\t\t\t<div class=\"e-q-footer\">\n\t\t\t\t\t\t\t\t\t\t\t<cite class=\"elementor-blockquote__author\">Prof. univ. dr. Ioan Boc\u0219a<\/cite>\n\t\t\t\t\t\t\t\t\t\t\t\t\t\t<\/div>\n\t\t\t\t\t<\/blockquote>\n\t\t\t\t<\/div>\n\t\t\t\t<\/div>\n\t\t\t\t<\/div>\n\t\t\t\t\t<\/div>\n\t\t\t\t<\/div>\n\t\t\t\t<\/div>","protected":false},"excerpt":{"rendered":"<p>Prezentare \u0219i scop \u00a0 \u00a0Scopul revistei Ethnomousikologion este sus\u021binerea, prin publicare, a cercet\u0103rilor din domeniul Folclorului, aduc\u00e2nd sub aceea\u0219i cupol\u0103 speciali\u0219ti din mai multe subdomenii. \u021ain\u00e2nd cont de caracterul sincretic al folclorului, scopul revistei este acela de a crea o platform\u0103 actual\u0103 pentru cercet\u0103rile speciali\u0219tilor din domeniile: Etnomuzicologie, Etnografie, Etnologie, Etnocoreologie, Etnospectacologie, Organologie popular\u0103 \u0219.a. [&hellip;]<\/p>","protected":false},"author":1,"featured_media":0,"parent":0,"menu_order":0,"comment_status":"closed","ping_status":"closed","template":"elementor_header_footer","meta":{"site-sidebar-layout":"default","site-content-layout":"","ast-site-content-layout":"","site-content-style":"default","site-sidebar-style":"default","ast-global-header-display":"","ast-banner-title-visibility":"","ast-main-header-display":"","ast-hfb-above-header-display":"","ast-hfb-below-header-display":"","ast-hfb-mobile-header-display":"","site-post-title":"","ast-breadcrumbs-content":"","ast-featured-img":"","footer-sml-layout":"","theme-transparent-header-meta":"","adv-header-id-meta":"","stick-header-meta":"","header-above-stick-meta":"","header-main-stick-meta":"","header-below-stick-meta":"","astra-migrate-meta-layouts":"default","ast-page-background-enabled":"default","ast-page-background-meta":{"desktop":{"background-color":"var(--ast-global-color-4)","background-image":"","background-repeat":"repeat","background-position":"center center","background-size":"auto","background-attachment":"scroll","background-type":"","background-media":"","overlay-type":"","overlay-color":"","overlay-gradient":""},"tablet":{"background-color":"","background-image":"","background-repeat":"repeat","background-position":"center center","background-size":"auto","background-attachment":"scroll","background-type":"","background-media":"","overlay-type":"","overlay-color":"","overlay-gradient":""},"mobile":{"background-color":"","background-image":"","background-repeat":"repeat","background-position":"center center","background-size":"auto","background-attachment":"scroll","background-type":"","background-media":"","overlay-type":"","overlay-color":"","overlay-gradient":""}},"ast-content-background-meta":{"desktop":{"background-color":"var(--ast-global-color-5)","background-image":"","background-repeat":"repeat","background-position":"center center","background-size":"auto","background-attachment":"scroll","background-type":"","background-media":"","overlay-type":"","overlay-color":"","overlay-gradient":""},"tablet":{"background-color":"var(--ast-global-color-5)","background-image":"","background-repeat":"repeat","background-position":"center center","background-size":"auto","background-attachment":"scroll","background-type":"","background-media":"","overlay-type":"","overlay-color":"","overlay-gradient":""},"mobile":{"background-color":"var(--ast-global-color-5)","background-image":"","background-repeat":"repeat","background-position":"center center","background-size":"auto","background-attachment":"scroll","background-type":"","background-media":"","overlay-type":"","overlay-color":"","overlay-gradient":""}},"footnotes":""},"class_list":["post-379","page","type-page","status-publish","hentry"],"_links":{"self":[{"href":"https:\/\/ethnomousikologion.com\/en\/wp-json\/wp\/v2\/pages\/379","targetHints":{"allow":["GET"]}}],"collection":[{"href":"https:\/\/ethnomousikologion.com\/en\/wp-json\/wp\/v2\/pages"}],"about":[{"href":"https:\/\/ethnomousikologion.com\/en\/wp-json\/wp\/v2\/types\/page"}],"author":[{"embeddable":true,"href":"https:\/\/ethnomousikologion.com\/en\/wp-json\/wp\/v2\/users\/1"}],"replies":[{"embeddable":true,"href":"https:\/\/ethnomousikologion.com\/en\/wp-json\/wp\/v2\/comments?post=379"}],"version-history":[{"count":155,"href":"https:\/\/ethnomousikologion.com\/en\/wp-json\/wp\/v2\/pages\/379\/revisions"}],"predecessor-version":[{"id":1491,"href":"https:\/\/ethnomousikologion.com\/en\/wp-json\/wp\/v2\/pages\/379\/revisions\/1491"}],"wp:attachment":[{"href":"https:\/\/ethnomousikologion.com\/en\/wp-json\/wp\/v2\/media?parent=379"}],"curies":[{"name":"wp","href":"https:\/\/api.w.org\/{rel}","templated":true}]}}