{"id":11,"date":"2024-02-21T08:11:22","date_gmt":"2024-02-21T08:11:22","guid":{"rendered":"https:\/\/ethnomousikologion.com\/?page_id=11"},"modified":"2025-10-26T19:46:58","modified_gmt":"2025-10-26T19:46:58","slug":"journal-information","status":"publish","type":"page","link":"https:\/\/ethnomousikologion.com\/en\/","title":{"rendered":"Journal Information"},"content":{"rendered":"<div data-elementor-type=\"wp-page\" data-elementor-id=\"11\" class=\"elementor elementor-11\" data-elementor-post-type=\"page\">\n\t\t\t\t<div class=\"elementor-element elementor-element-b833d35 e-flex e-con-boxed e-con e-parent\" data-id=\"b833d35\" data-element_type=\"container\" data-settings=\"{&quot;content_width&quot;:&quot;boxed&quot;,&quot;_ha_eqh_enable&quot;:false}\" data-core-v316-plus=\"true\">\n\t\t\t\t\t<div class=\"e-con-inner\">\n\t\t\t\t<div class=\"elementor-element elementor-element-0cf1dad elementor-widget elementor-widget-ha-page-title happy-addon ha-page-title\" data-id=\"0cf1dad\" data-element_type=\"widget\" data-widget_type=\"ha-page-title.default\">\n\t\t\t\t<div class=\"elementor-widget-container\">\n\t\t\t<h2 class=\"ha-page-title elementor-size-default\">Journal Information<\/h2>\t\t<\/div>\n\t\t\t\t<\/div>\n\t\t\t\t\t<\/div>\n\t\t\t\t<\/div>\n\t\t<div class=\"elementor-element elementor-element-a2ada1f e-flex e-con-boxed e-con e-parent\" data-id=\"a2ada1f\" data-element_type=\"container\" data-settings=\"{&quot;content_width&quot;:&quot;boxed&quot;,&quot;_ha_eqh_enable&quot;:false}\" data-core-v316-plus=\"true\">\n\t\t\t\t\t<div class=\"e-con-inner\">\n\t\t<div class=\"elementor-element elementor-element-3d5e440 e-con-full e-flex e-con e-child\" data-id=\"3d5e440\" data-element_type=\"container\" data-settings=\"{&quot;content_width&quot;:&quot;full&quot;,&quot;_ha_eqh_enable&quot;:false}\">\n\t\t\t\t<div class=\"elementor-element elementor-element-145feae elementor-widget elementor-widget-image\" data-id=\"145feae\" data-element_type=\"widget\" data-widget_type=\"image.default\">\n\t\t\t\t<div class=\"elementor-widget-container\">\n\t\t\t<style>\/*! elementor - v3.19.0 - 07-02-2024 *\/\n.elementor-widget-image{text-align:center}.elementor-widget-image a{display:inline-block}.elementor-widget-image a img[src$=\".svg\"]{width:48px}.elementor-widget-image img{vertical-align:middle;display:inline-block}<\/style>\t\t\t\t\t\t\t\t\t\t\t<a href=\"https:\/\/ethnomousikologion.com\/en\/ultimul-numar\/\">\n\t\t\t\t\t\t\t<img fetchpriority=\"high\" decoding=\"async\" width=\"1441\" height=\"2048\" src=\"https:\/\/ethnomousikologion.com\/wp-content\/uploads\/2025\/10\/thrthrthrthrth.jpeg\" class=\"attachment-full size-full wp-image-1820\" alt=\"\" srcset=\"https:\/\/ethnomousikologion.com\/wp-content\/uploads\/2025\/10\/thrthrthrthrth.jpeg 1441w, https:\/\/ethnomousikologion.com\/wp-content\/uploads\/2025\/10\/thrthrthrthrth-211x300.jpeg 211w, https:\/\/ethnomousikologion.com\/wp-content\/uploads\/2025\/10\/thrthrthrthrth-721x1024.jpeg 721w, https:\/\/ethnomousikologion.com\/wp-content\/uploads\/2025\/10\/thrthrthrthrth-768x1092.jpeg 768w, https:\/\/ethnomousikologion.com\/wp-content\/uploads\/2025\/10\/thrthrthrthrth-1081x1536.jpeg 1081w, https:\/\/ethnomousikologion.com\/wp-content\/uploads\/2025\/10\/thrthrthrthrth-8x12.jpeg 8w\" sizes=\"(max-width: 1441px) 100vw, 1441px\" \/>\t\t\t\t\t\t\t\t<\/a>\n\t\t\t\t\t\t\t\t\t\t\t\t\t<\/div>\n\t\t\t\t<\/div>\n\t\t\t\t<\/div>\n\t\t<div class=\"elementor-element elementor-element-78d1f1e e-con-full e-flex e-con e-child\" data-id=\"78d1f1e\" data-element_type=\"container\" data-settings=\"{&quot;content_width&quot;:&quot;full&quot;,&quot;_ha_eqh_enable&quot;:false}\">\n\t\t\t\t<div class=\"elementor-element elementor-element-ac7a125 elementor-widget elementor-widget-text-editor\" data-id=\"ac7a125\" data-element_type=\"widget\" data-widget_type=\"text-editor.default\">\n\t\t\t\t<div class=\"elementor-widget-container\">\n\t\t\t<style>\/*! elementor - v3.19.0 - 07-02-2024 *\/\n.elementor-widget-text-editor.elementor-drop-cap-view-stacked .elementor-drop-cap{background-color:#69727d;color:#fff}.elementor-widget-text-editor.elementor-drop-cap-view-framed .elementor-drop-cap{color:#69727d;border:3px solid;background-color:transparent}.elementor-widget-text-editor:not(.elementor-drop-cap-view-default) .elementor-drop-cap{margin-top:8px}.elementor-widget-text-editor:not(.elementor-drop-cap-view-default) .elementor-drop-cap-letter{width:1em;height:1em}.elementor-widget-text-editor .elementor-drop-cap{float:left;text-align:center;line-height:1;font-size:50px}.elementor-widget-text-editor .elementor-drop-cap-letter{display:inline-block}<\/style>\t\t\t\t<p><strong>Print ISSN:<\/strong> 2972 &#8211; 2241<\/p><p><strong>Online ISSN:<\/strong> 3008 &#8211; 2099<\/p><p><strong>ISSN-L:<\/strong> 2972-2241<\/p><p class=\" translation-block\"><strong>Periodicity:<\/strong> Biannual<\/p><p><strong>Format:<\/strong> Printed, Online<\/p><p><strong>Topics:<\/strong> Etnomuzicologie, Etnologie, Etnolingvistic\u0103, Etnospectacologie, Etnocoreologie, Organologie popular\u0103<\/p><p><strong>Publication languages:<\/strong> Romanian and English<\/p><p><strong>The city where the publication appears:<\/strong> Cluj-Napoca<\/p><p><strong>Name of the issuing institution:<\/strong> Ethnomusicology Research Center of the \"Gheorghe Dima\" National Academy of Music<\/p><p><strong>Publishing house:\u00a0 <\/strong><a href=\"https:\/\/main.edituramediamusica.ro\/\" target=\"_blank\" rel=\"noopener\"><img decoding=\"async\" class=\"alignnone wp-image-146\" style=\"font-weight: inherit;\" src=\"https:\/\/ethnomousikologion.com\/wp-content\/uploads\/2024\/02\/logo.png\" alt=\"\" width=\"66\" height=\"40\" srcset=\"https:\/\/ethnomousikologion.com\/wp-content\/uploads\/2024\/02\/logo.png 176w, https:\/\/ethnomousikologion.com\/wp-content\/uploads\/2024\/02\/logo-18x12.png 18w\" sizes=\"(max-width: 66px) 100vw, 66px\" \/><\/a><\/p><p><strong>Address of the editorial office:<\/strong> I.C.Br\u0103tianu 25, 400079, Cluj-Napoca, Cluj<\/p><p><strong>Tel.\/fax:<\/strong> 0264 591 241<\/p><p><strong>Email: <\/strong>ethnomousikologion@amgd.ro<\/p><p>\u00a0Revist\u0103 \u00eenscris\u0103 \u00een BDI:<\/p><p><img decoding=\"async\" class=\"alignnone size-full wp-image-1731\" src=\"https:\/\/ethnomousikologion.com\/wp-content\/uploads\/2025\/01\/ebscocom-logo.gif\" alt=\"\" width=\"116\" height=\"41\" srcset=\"https:\/\/ethnomousikologion.com\/wp-content\/uploads\/2025\/01\/ebscocom-logo.gif 116w, https:\/\/ethnomousikologion.com\/wp-content\/uploads\/2025\/01\/ebscocom-logo-18x6.gif 18w\" sizes=\"(max-width: 116px) 100vw, 116px\" \/><\/p>\t\t\t\t\t\t<\/div>\n\t\t\t\t<\/div>\n\t\t\t\t<\/div>\n\t\t\t\t\t<\/div>\n\t\t\t\t<\/div>\n\t\t\t\t<\/div>","protected":false},"excerpt":{"rendered":"<p>Despre revist\u0103 ISSN print: 2972 &#8211; 2241 ISSN online: 3008 &#8211; 2099 ISSN-L: 2972-2241 Periodicitate: Bianual Format: Tip\u0103rit, Online Tematica: Etnomuzicologie, Etnologie, Etnolingvistic\u0103, Etnospectacologie, Etnocoreologie, Organologie popular\u0103 Limbi de publica\u0163ie: Rom\u00e2n\u0103 \u015fi Englez\u0103 Localitatea \u00een care apare publica\u0163ia: Cluj-Napoca Numele institu\u0163iei emitente: Centrul de Cercetare \u00een Etnomuzicologie al Academiei Na\u021bionale de Muzic\u0103 \u201eGheorghe Dima\u201d Editura:\u00a0 [&hellip;]<\/p>","protected":false},"author":1,"featured_media":0,"parent":0,"menu_order":0,"comment_status":"closed","ping_status":"closed","template":"elementor_header_footer","meta":{"site-sidebar-layout":"default","site-content-layout":"","ast-site-content-layout":"","site-content-style":"default","site-sidebar-style":"default","ast-global-header-display":"","ast-banner-title-visibility":"","ast-main-header-display":"","ast-hfb-above-header-display":"","ast-hfb-below-header-display":"","ast-hfb-mobile-header-display":"","site-post-title":"","ast-breadcrumbs-content":"","ast-featured-img":"","footer-sml-layout":"","theme-transparent-header-meta":"","adv-header-id-meta":"","stick-header-meta":"","header-above-stick-meta":"","header-main-stick-meta":"","header-below-stick-meta":"","astra-migrate-meta-layouts":"default","ast-page-background-enabled":"default","ast-page-background-meta":{"desktop":{"background-color":"var(--ast-global-color-4)","background-image":"","background-repeat":"repeat","background-position":"center center","background-size":"auto","background-attachment":"scroll","background-type":"","background-media":"","overlay-type":"","overlay-color":"","overlay-gradient":""},"tablet":{"background-color":"","background-image":"","background-repeat":"repeat","background-position":"center center","background-size":"auto","background-attachment":"scroll","background-type":"","background-media":"","overlay-type":"","overlay-color":"","overlay-gradient":""},"mobile":{"background-color":"","background-image":"","background-repeat":"repeat","background-position":"center center","background-size":"auto","background-attachment":"scroll","background-type":"","background-media":"","overlay-type":"","overlay-color":"","overlay-gradient":""}},"ast-content-background-meta":{"desktop":{"background-color":"var(--ast-global-color-5)","background-image":"","background-repeat":"repeat","background-position":"center center","background-size":"auto","background-attachment":"scroll","background-type":"","background-media":"","overlay-type":"","overlay-color":"","overlay-gradient":""},"tablet":{"background-color":"var(--ast-global-color-5)","background-image":"","background-repeat":"repeat","background-position":"center center","background-size":"auto","background-attachment":"scroll","background-type":"","background-media":"","overlay-type":"","overlay-color":"","overlay-gradient":""},"mobile":{"background-color":"var(--ast-global-color-5)","background-image":"","background-repeat":"repeat","background-position":"center center","background-size":"auto","background-attachment":"scroll","background-type":"","background-media":"","overlay-type":"","overlay-color":"","overlay-gradient":""}},"footnotes":""},"class_list":["post-11","page","type-page","status-publish","hentry"],"_links":{"self":[{"href":"https:\/\/ethnomousikologion.com\/en\/wp-json\/wp\/v2\/pages\/11","targetHints":{"allow":["GET"]}}],"collection":[{"href":"https:\/\/ethnomousikologion.com\/en\/wp-json\/wp\/v2\/pages"}],"about":[{"href":"https:\/\/ethnomousikologion.com\/en\/wp-json\/wp\/v2\/types\/page"}],"author":[{"embeddable":true,"href":"https:\/\/ethnomousikologion.com\/en\/wp-json\/wp\/v2\/users\/1"}],"replies":[{"embeddable":true,"href":"https:\/\/ethnomousikologion.com\/en\/wp-json\/wp\/v2\/comments?post=11"}],"version-history":[{"count":220,"href":"https:\/\/ethnomousikologion.com\/en\/wp-json\/wp\/v2\/pages\/11\/revisions"}],"predecessor-version":[{"id":1824,"href":"https:\/\/ethnomousikologion.com\/en\/wp-json\/wp\/v2\/pages\/11\/revisions\/1824"}],"wp:attachment":[{"href":"https:\/\/ethnomousikologion.com\/en\/wp-json\/wp\/v2\/media?parent=11"}],"curies":[{"name":"wp","href":"https:\/\/api.w.org\/{rel}","templated":true}]}}