{"id":1021,"date":"2024-02-24T02:39:39","date_gmt":"2024-02-24T02:39:39","guid":{"rendered":"https:\/\/ethnomousikologion.com\/?page_id=1021"},"modified":"2024-09-01T16:47:40","modified_gmt":"2024-09-01T16:47:40","slug":"instructiuni","status":"publish","type":"page","link":"https:\/\/ethnomousikologion.com\/en\/instructiuni\/","title":{"rendered":"Instructions"},"content":{"rendered":"<div data-elementor-type=\"wp-page\" data-elementor-id=\"1021\" class=\"elementor elementor-1021\" data-elementor-post-type=\"page\">\n\t\t\t\t<div class=\"elementor-element elementor-element-7b5264e4 e-flex e-con-boxed e-con e-parent\" data-id=\"7b5264e4\" data-element_type=\"container\" data-settings=\"{&quot;content_width&quot;:&quot;boxed&quot;,&quot;_ha_eqh_enable&quot;:false}\" data-core-v316-plus=\"true\">\n\t\t\t\t\t<div class=\"e-con-inner\">\n\t\t\t\t<div class=\"elementor-element elementor-element-5df4bac2 elementor-widget elementor-widget-ha-page-title happy-addon ha-page-title\" data-id=\"5df4bac2\" data-element_type=\"widget\" data-widget_type=\"ha-page-title.default\">\n\t\t\t\t<div class=\"elementor-widget-container\">\n\t\t\t<h2 class=\"ha-page-title elementor-size-default\">Instructions<\/h2>\t\t<\/div>\n\t\t\t\t<\/div>\n\t\t\t\t\t<\/div>\n\t\t\t\t<\/div>\n\t\t<div class=\"elementor-element elementor-element-1a640f2 e-flex e-con-boxed e-con e-parent\" data-id=\"1a640f2\" data-element_type=\"container\" data-settings=\"{&quot;content_width&quot;:&quot;boxed&quot;,&quot;_ha_eqh_enable&quot;:false}\" data-core-v316-plus=\"true\">\n\t\t\t\t\t<div class=\"e-con-inner\">\n\t\t\t\t<div class=\"elementor-element elementor-element-def03d1 elementor-widget elementor-widget-text-editor\" data-id=\"def03d1\" data-element_type=\"widget\" data-widget_type=\"text-editor.default\">\n\t\t\t\t<div class=\"elementor-widget-container\">\n\t\t\t<style>\/*! elementor - v3.19.0 - 07-02-2024 *\/\n.elementor-widget-text-editor.elementor-drop-cap-view-stacked .elementor-drop-cap{background-color:#69727d;color:#fff}.elementor-widget-text-editor.elementor-drop-cap-view-framed .elementor-drop-cap{color:#69727d;border:3px solid;background-color:transparent}.elementor-widget-text-editor:not(.elementor-drop-cap-view-default) .elementor-drop-cap{margin-top:8px}.elementor-widget-text-editor:not(.elementor-drop-cap-view-default) .elementor-drop-cap-letter{width:1em;height:1em}.elementor-widget-text-editor .elementor-drop-cap{float:left;text-align:center;line-height:1;font-size:50px}.elementor-widget-text-editor .elementor-drop-cap-letter{display:inline-block}<\/style>\t\t\t\t<p><strong>General information<\/strong><\/p><p class=\"p1 translation-block\">The publication of an article in the <strong><i>Ethnomousikologion<\/i><\/strong> Journal implies for the author that the article has not been published before and will not be submitted to another journal for publication.<\/p><p class=\"p1 translation-block\">The text of the article will be written in Romanian and English, according to the template, the author assuming responsibility for the originality of the content, translation and typesetting by signing a copyright protocol to be sent with the article.<\/p><p class=\"p2\">Ca sugestie de lucru, cel mai simplu mod de a avea formatarea ideal\u0103 este de a folosi fi\u015fierul \u015fablon. Aceste fi\u015fiere con\u0163in deja toate format\u0103rile cerute de noi.<\/p>\t\t\t\t\t\t<\/div>\n\t\t\t\t<\/div>\n\t\t\t\t\t<\/div>\n\t\t\t\t<\/div>\n\t\t<div class=\"elementor-element elementor-element-be00414 e-flex e-con-boxed e-con e-parent\" data-id=\"be00414\" data-element_type=\"container\" data-settings=\"{&quot;content_width&quot;:&quot;boxed&quot;,&quot;_ha_eqh_enable&quot;:false}\" data-core-v316-plus=\"true\">\n\t\t\t\t\t<div class=\"e-con-inner\">\n\t\t\t\t<div class=\"elementor-element elementor-element-9e52e85 elementor-widget elementor-widget-text-editor\" data-id=\"9e52e85\" data-element_type=\"widget\" data-widget_type=\"text-editor.default\">\n\t\t\t\t<div class=\"elementor-widget-container\">\n\t\t\t\t\t\t\t<p class=\"p1\"><b>Submitting manuscripts<\/b><\/p><p class=\"p1 translation-block\">Manuscripts should be sent electronically via <strong><a href=\"https:\/\/ethnomousikologion.com\/depunere\/\" target=\"_blank\" rel=\"noopener\">this form<\/a><\/strong>. There is no charge for publishing in the journal. If the article has been translated by an authorized person, the name of the translator should be mentioned at the end of the article. Each article will be accompanied by a short biography of the author(s) (a max of 150 words) and a photo.<\/p><p class=\"p3 translation-block\">Deadlines for manuscript submissions: <strong>1st of March - 1st of September<\/strong>.<\/p><p class=\"p4\">Articles submitted for publication are initially evaluated by members of the editorial team, which checks that the material fits within the field, standards and research directions of the journal, that the format of the journal is respected, that the professional affiliation is mentioned, that the abstract is present, that keywords are included, and that a copyright notice is submitted with the article. The reviewers will then evaluate the article received without the author's name, according to the following criteria: scientific quality of the work; novelty of the topic proposed; relevance, impact and importance of the work; technical quality of the article; relevance of bibliographic sources; clarity, conciseness and accuracy of the text.<\/p><p class=\"p1\">The reviewers' recommendations and the score assigned to the article are forwarded to the lead editor, and include one of the following decisions: accept the material for publication, ask the author to revise the article, reject the article.<\/p>\t\t\t\t\t\t<\/div>\n\t\t\t\t<\/div>\n\t\t\t\t\t<\/div>\n\t\t\t\t<\/div>\n\t\t<div class=\"elementor-element elementor-element-baef83b e-flex e-con-boxed e-con e-parent\" data-id=\"baef83b\" data-element_type=\"container\" data-settings=\"{&quot;content_width&quot;:&quot;boxed&quot;,&quot;_ha_eqh_enable&quot;:false}\" data-core-v316-plus=\"true\">\n\t\t\t\t\t<div class=\"e-con-inner\">\n\t\t\t\t<div class=\"elementor-element elementor-element-8f45d06 elementor-widget elementor-widget-text-editor\" data-id=\"8f45d06\" data-element_type=\"widget\" data-widget_type=\"text-editor.default\">\n\t\t\t\t<div class=\"elementor-widget-container\">\n\t\t\t\t\t\t\t<p class=\"p1\"><b>Article template<\/b><\/p>\t\t\t\t\t\t<\/div>\n\t\t\t\t<\/div>\n\t\t\t\t\t<\/div>\n\t\t\t\t<\/div>\n\t\t<div class=\"elementor-element elementor-element-71e0f04 e-flex e-con-boxed e-con e-parent\" data-id=\"71e0f04\" data-element_type=\"container\" data-settings=\"{&quot;content_width&quot;:&quot;boxed&quot;,&quot;_ha_eqh_enable&quot;:false}\" data-core-v316-plus=\"true\">\n\t\t\t\t\t<div class=\"e-con-inner\">\n\t\t\t\t<div class=\"elementor-element elementor-element-ac3e730 elementor-widget elementor-widget-ha-pdf-view happy-addon ha-pdf-view\" data-id=\"ac3e730\" data-element_type=\"widget\" data-widget_type=\"ha-pdf-view.default\">\n\t\t\t\t<div class=\"elementor-widget-container\">\n\t\t\t        <div class=\"pdf_viewer_container\">\n            <div class=\"pdf_viewer_options viewer-ac3e730\" data-pdf-settings=\"{&quot;unique_id&quot;:&quot;viewer-ac3e730&quot;,&quot;pdf_url&quot;:&quot;https:\\\/\\\/ethnomousikologion.com\\\/wp-content\\\/uploads\\\/2024\\\/09\\\/SABLON.pdf&quot;,&quot;file_type&quot;:&quot;upload_file&quot;,&quot;page_number&quot;:&quot;1&quot;,&quot;width&quot;:&quot;100%&quot;,&quot;height&quot;:&quot;600px&quot;}\">\n\t\t\t\t<span class=\"ha-title-flex\">\n\t\t\t\t\t<span class=\"pdf-icon\">\n\t\t\t\t\t\t\t\t\t\t\t<\/span>\n\t\t\t\t\t\t\t\t\t<\/span>\n\t\t\t\t                <div class=\"pdf-button\">\n                                <\/div>\n            <\/div>\n            \n\t\t\t<div>\n\t\t\t\t<div id=\"viewer-ac3e730\"><\/div>\n\t\t\t<\/div>\n\t\t\t\n        <\/div>\n        \t\t<\/div>\n\t\t\t\t<\/div>\n\t\t\t\t\t<\/div>\n\t\t\t\t<\/div>\n\t\t<div class=\"elementor-element elementor-element-03d6c87 e-flex e-con-boxed e-con e-parent\" data-id=\"03d6c87\" data-element_type=\"container\" data-settings=\"{&quot;content_width&quot;:&quot;boxed&quot;,&quot;_ha_eqh_enable&quot;:false}\" data-core-v316-plus=\"true\">\n\t\t\t\t\t<div class=\"e-con-inner\">\n\t\t<div class=\"elementor-element elementor-element-e73bdd1 e-flex e-con-boxed e-con e-child\" data-id=\"e73bdd1\" data-element_type=\"container\" data-settings=\"{&quot;content_width&quot;:&quot;boxed&quot;,&quot;_ha_eqh_enable&quot;:false}\">\n\t\t\t\t\t<div class=\"e-con-inner\">\n\t\t\t\t<div class=\"elementor-element elementor-element-460e79e elementor-align-center elementor-widget elementor-widget-button\" data-id=\"460e79e\" data-element_type=\"widget\" data-widget_type=\"button.default\">\n\t\t\t\t<div class=\"elementor-widget-container\">\n\t\t\t\t\t<div class=\"elementor-button-wrapper\">\n\t\t\t<a class=\"elementor-button elementor-button-link elementor-size-sm\" href=\"https:\/\/ethnomousikologion.com\/wp-content\/uploads\/2024\/09\/SABLON.docx\">\n\t\t\t\t\t\t<span class=\"elementor-button-content-wrapper\">\n\t\t\t\t\t\t<span class=\"elementor-button-text\">Download<\/span>\n\t\t<\/span>\n\t\t\t\t\t<\/a>\n\t\t<\/div>\n\t\t\t\t<\/div>\n\t\t\t\t<\/div>\n\t\t\t\t\t<\/div>\n\t\t\t\t<\/div>\n\t\t\t\t\t<\/div>\n\t\t\t\t<\/div>\n\t\t<div class=\"elementor-element elementor-element-2afda8e e-flex e-con-boxed e-con e-parent\" data-id=\"2afda8e\" data-element_type=\"container\" data-settings=\"{&quot;content_width&quot;:&quot;boxed&quot;,&quot;_ha_eqh_enable&quot;:false}\" data-core-v316-plus=\"true\">\n\t\t\t\t\t<div class=\"e-con-inner\">\n\t\t\t\t<div class=\"elementor-element elementor-element-df0d4e8 elementor-widget elementor-widget-text-editor\" data-id=\"df0d4e8\" data-element_type=\"widget\" data-widget_type=\"text-editor.default\">\n\t\t\t\t<div class=\"elementor-widget-container\">\n\t\t\t\t\t\t\t<p class=\"p1\"><b>Archiving<\/b><\/p><p class=\"p1 translation-block\">Volumes of the <i>Ethnomousikologion<\/i> Journal can be accessed on the journal's website and at the library of the National Academy of Music \"Gheorghe Dima\" Cluj-Napoca.<\/p>\t\t\t\t\t\t<\/div>\n\t\t\t\t<\/div>\n\t\t\t\t\t<\/div>\n\t\t\t\t<\/div>\n\t\t\t\t<\/div>","protected":false},"excerpt":{"rendered":"<p>Instruc\u021biuni Informa\u021bii generale Publicarea unui articol \u00een Revista Ethnomousikologion presupune pentru autor faptul c\u0103 articolul nu a mai fost publicat \u00een una din limbile rom\u00e2n\u0103 sau englez\u0103 \u015fi nici nu va fi \u00eenaintat spre publicare altei reviste. Textul articolului va fi redactat \u00een limbile rom\u00e2n\u0103 \u015fi englez\u0103, conform \u0219ablonului, autorul asum\u00e2ndu-\u0219i responsabilitatea asupra originalit\u0103\u021bii con\u021binutului, [&hellip;]<\/p>","protected":false},"author":1,"featured_media":0,"parent":0,"menu_order":0,"comment_status":"closed","ping_status":"closed","template":"elementor_header_footer","meta":{"site-sidebar-layout":"default","site-content-layout":"","ast-site-content-layout":"","site-content-style":"default","site-sidebar-style":"default","ast-global-header-display":"","ast-banner-title-visibility":"","ast-main-header-display":"","ast-hfb-above-header-display":"","ast-hfb-below-header-display":"","ast-hfb-mobile-header-display":"","site-post-title":"","ast-breadcrumbs-content":"","ast-featured-img":"","footer-sml-layout":"","theme-transparent-header-meta":"","adv-header-id-meta":"","stick-header-meta":"","header-above-stick-meta":"","header-main-stick-meta":"","header-below-stick-meta":"","astra-migrate-meta-layouts":"default","ast-page-background-enabled":"default","ast-page-background-meta":{"desktop":{"background-color":"var(--ast-global-color-4)","background-image":"","background-repeat":"repeat","background-position":"center center","background-size":"auto","background-attachment":"scroll","background-type":"","background-media":"","overlay-type":"","overlay-color":"","overlay-gradient":""},"tablet":{"background-color":"","background-image":"","background-repeat":"repeat","background-position":"center center","background-size":"auto","background-attachment":"scroll","background-type":"","background-media":"","overlay-type":"","overlay-color":"","overlay-gradient":""},"mobile":{"background-color":"","background-image":"","background-repeat":"repeat","background-position":"center center","background-size":"auto","background-attachment":"scroll","background-type":"","background-media":"","overlay-type":"","overlay-color":"","overlay-gradient":""}},"ast-content-background-meta":{"desktop":{"background-color":"var(--ast-global-color-5)","background-image":"","background-repeat":"repeat","background-position":"center center","background-size":"auto","background-attachment":"scroll","background-type":"","background-media":"","overlay-type":"","overlay-color":"","overlay-gradient":""},"tablet":{"background-color":"var(--ast-global-color-5)","background-image":"","background-repeat":"repeat","background-position":"center center","background-size":"auto","background-attachment":"scroll","background-type":"","background-media":"","overlay-type":"","overlay-color":"","overlay-gradient":""},"mobile":{"background-color":"var(--ast-global-color-5)","background-image":"","background-repeat":"repeat","background-position":"center center","background-size":"auto","background-attachment":"scroll","background-type":"","background-media":"","overlay-type":"","overlay-color":"","overlay-gradient":""}},"footnotes":""},"class_list":["post-1021","page","type-page","status-publish","hentry"],"_links":{"self":[{"href":"https:\/\/ethnomousikologion.com\/en\/wp-json\/wp\/v2\/pages\/1021","targetHints":{"allow":["GET"]}}],"collection":[{"href":"https:\/\/ethnomousikologion.com\/en\/wp-json\/wp\/v2\/pages"}],"about":[{"href":"https:\/\/ethnomousikologion.com\/en\/wp-json\/wp\/v2\/types\/page"}],"author":[{"embeddable":true,"href":"https:\/\/ethnomousikologion.com\/en\/wp-json\/wp\/v2\/users\/1"}],"replies":[{"embeddable":true,"href":"https:\/\/ethnomousikologion.com\/en\/wp-json\/wp\/v2\/comments?post=1021"}],"version-history":[{"count":55,"href":"https:\/\/ethnomousikologion.com\/en\/wp-json\/wp\/v2\/pages\/1021\/revisions"}],"predecessor-version":[{"id":1719,"href":"https:\/\/ethnomousikologion.com\/en\/wp-json\/wp\/v2\/pages\/1021\/revisions\/1719"}],"wp:attachment":[{"href":"https:\/\/ethnomousikologion.com\/en\/wp-json\/wp\/v2\/media?parent=1021"}],"curies":[{"name":"wp","href":"https:\/\/api.w.org\/{rel}","templated":true}]}}